{"id":7260,"date":"2022-10-18T09:42:31","date_gmt":"2022-10-18T12:42:31","guid":{"rendered":"https:\/\/projetos.pi27.com.br\/adriana\/homepage-main-copy\/"},"modified":"2023-08-15T10:42:07","modified_gmt":"2023-08-15T13:42:07","slug":"areas-de-atuacao","status":"publish","type":"page","link":"https:\/\/projetos.pi27.com.br\/adriana\/areas-de-atuacao\/","title":{"rendered":"\u00c1reas de atua\u00e7\u00e3o"},"content":{"rendered":"","protected":false},"excerpt":{"rendered":"","protected":false},"author":1,"featured_media":0,"parent":0,"menu_order":0,"comment_status":"closed","ping_status":"closed","template":"","meta":{"_joinchat":[]},"lang":"pt","translations":{"pt":7260},"pll_sync_post":[],"_links":{"self":[{"href":"https:\/\/projetos.pi27.com.br\/adriana\/wp-json\/wp\/v2\/pages\/7260"}],"collection":[{"href":"https:\/\/projetos.pi27.com.br\/adriana\/wp-json\/wp\/v2\/pages"}],"about":[{"href":"https:\/\/projetos.pi27.com.br\/adriana\/wp-json\/wp\/v2\/types\/page"}],"author":[{"embeddable":true,"href":"https:\/\/projetos.pi27.com.br\/adriana\/wp-json\/wp\/v2\/users\/1"}],"replies":[{"embeddable":true,"href":"https:\/\/projetos.pi27.com.br\/adriana\/wp-json\/wp\/v2\/comments?post=7260"}],"version-history":[{"count":2,"href":"https:\/\/projetos.pi27.com.br\/adriana\/wp-json\/wp\/v2\/pages\/7260\/revisions"}],"predecessor-version":[{"id":7476,"href":"https:\/\/projetos.pi27.com.br\/adriana\/wp-json\/wp\/v2\/pages\/7260\/revisions\/7476"}],"wp:attachment":[{"href":"https:\/\/projetos.pi27.com.br\/adriana\/wp-json\/wp\/v2\/media?parent=7260"}],"curies":[{"name":"wp","href":"https:\/\/api.w.org\/{rel}","templated":true}]}}